{"id":268,"date":"2023-05-27T16:16:59","date_gmt":"2023-05-27T13:16:59","guid":{"rendered":"https:\/\/noveriasoftware.com\/?page_id=268"},"modified":"2025-11-14T12:47:06","modified_gmt":"2025-11-14T09:47:06","slug":"online-siparis","status":"publish","type":"page","link":"https:\/\/noveriasoftware.com\/index.php\/online-siparis\/","title":{"rendered":"Online Sipari\u015f"},"content":{"rendered":"\n<div class=\"wpcf7 no-js\" id=\"wpcf7-f443-o1\" lang=\"tr-TR\" dir=\"ltr\" data-wpcf7-id=\"443\">\n<div class=\"screen-reader-response\"><p role=\"status\" aria-live=\"polite\" aria-atomic=\"true\"><\/p> <ul><\/ul><\/div>\n<form action=\"\/index.php\/wp-json\/wp\/v2\/pages\/268#wpcf7-f443-o1\" method=\"post\" class=\"wpcf7-form init\" aria-label=\"\u0130leti\u015fim Formu\" novalidate=\"novalidate\" data-status=\"init\">\n<fieldset class=\"hidden-fields-container\"><input type=\"hidden\" name=\"_wpcf7\" value=\"443\" \/><input type=\"hidden\" name=\"_wpcf7_version\" value=\"6.1.4\" \/><input type=\"hidden\" name=\"_wpcf7_locale\" value=\"tr_TR\" \/><input type=\"hidden\" name=\"_wpcf7_unit_tag\" value=\"wpcf7-f443-o1\" \/><input type=\"hidden\" name=\"_wpcf7_container_post\" value=\"0\" \/><input type=\"hidden\" name=\"_wpcf7_posted_data_hash\" value=\"\" \/>\n<\/fieldset>\n<p><label> \u0130sminiz: <\/label><br \/>\n<span class=\"wpcf7-form-control-wrap\" data-name=\"your-name\"><input size=\"40\" maxlength=\"400\" class=\"wpcf7-form-control wpcf7-text wpcf7-validates-as-required\" autocomplete=\"name\" aria-required=\"true\" aria-invalid=\"false\" value=\"\" type=\"text\" name=\"your-name\" \/><\/span>\n<\/p>\n<p><label> E-posta: <\/label><br \/>\n<span class=\"wpcf7-form-control-wrap\" data-name=\"your-email\"><input size=\"40\" maxlength=\"400\" class=\"wpcf7-form-control wpcf7-email wpcf7-validates-as-required wpcf7-text wpcf7-validates-as-email\" autocomplete=\"email\" aria-required=\"true\" aria-invalid=\"false\" value=\"\" type=\"email\" name=\"your-email\" \/><\/span>\n<\/p>\n<p><label> Telefon: <\/label>\n<\/p>\n<p><span class=\"wpcf7-form-control-wrap\" data-name=\"tel-05\"><input size=\"40\" maxlength=\"400\" class=\"wpcf7-form-control wpcf7-tel wpcf7-text wpcf7-validates-as-tel\" aria-invalid=\"false\" value=\"\" type=\"tel\" name=\"tel-05\" \/><\/span>\n<\/p>\n<p><label> Hangi Hizmetimize \u0130htiyac\u0131n\u0131z Var?: <\/label>\n<\/p>\n<p><span class=\"wpcf7-form-control-wrap\" data-name=\"select-215\"><select class=\"wpcf7-form-control wpcf7-select\" aria-invalid=\"false\" name=\"select-215\"><option value=\"Web Hizmetleri\">Web Hizmetleri<\/option><option value=\"Sosyal Medya Y\u00f6netimi\">Sosyal Medya Y\u00f6netimi<\/option><option value=\"Google, Sosyal Medya Reklam\">Google, Sosyal Medya Reklam<\/option><\/select><\/span>\n<\/p>\n<p><label>Hizmet i\u00e7eri\u011finizi detayland\u0131rabilir misiniz?: <\/label>\n<\/p>\n<p><span class=\"wpcf7-form-control-wrap\" data-name=\"your-message\"><textarea cols=\"40\" rows=\"10\" maxlength=\"2000\" class=\"wpcf7-form-control wpcf7-textarea\" aria-invalid=\"false\" name=\"your-message\"><\/textarea><\/span>\n<\/p>\n<p><input class=\"wpcf7-form-control wpcf7-submit has-spinner\" type=\"submit\" value=\"G\u00f6nder\" \/>\n<\/p><div class=\"wpcf7-response-output\" aria-hidden=\"true\"><\/div>\n<\/form>\n<\/div>\n\n\r\n\r\n<p class=\"wp-block-paragraph \" style=\"\"><\/p>\n","protected":false},"excerpt":{"rendered":"","protected":false},"author":1,"featured_media":0,"parent":0,"menu_order":0,"comment_status":"closed","ping_status":"closed","template":"","meta":{"_eb_attr":"","footnotes":""},"class_list":["post-268","page","type-page","status-publish","hentry"],"_links":{"self":[{"href":"https:\/\/noveriasoftware.com\/index.php\/wp-json\/wp\/v2\/pages\/268","targetHints":{"allow":["GET"]}}],"collection":[{"href":"https:\/\/noveriasoftware.com\/index.php\/wp-json\/wp\/v2\/pages"}],"about":[{"href":"https:\/\/noveriasoftware.com\/index.php\/wp-json\/wp\/v2\/types\/page"}],"author":[{"embeddable":true,"href":"https:\/\/noveriasoftware.com\/index.php\/wp-json\/wp\/v2\/users\/1"}],"replies":[{"embeddable":true,"href":"https:\/\/noveriasoftware.com\/index.php\/wp-json\/wp\/v2\/comments?post=268"}],"version-history":[{"count":6,"href":"https:\/\/noveriasoftware.com\/index.php\/wp-json\/wp\/v2\/pages\/268\/revisions"}],"predecessor-version":[{"id":904,"href":"https:\/\/noveriasoftware.com\/index.php\/wp-json\/wp\/v2\/pages\/268\/revisions\/904"}],"wp:attachment":[{"href":"https:\/\/noveriasoftware.com\/index.php\/wp-json\/wp\/v2\/media?parent=268"}],"curies":[{"name":"wp","href":"https:\/\/api.w.org\/{rel}","templated":true}]}}